{"id":137,"date":"2023-02-24T13:49:16","date_gmt":"2023-02-24T12:49:16","guid":{"rendered":"https:\/\/au-naturel.org\/?page_id=137"},"modified":"2025-09-05T13:31:37","modified_gmt":"2025-09-05T11:31:37","slug":"qui-suis-je","status":"publish","type":"page","link":"https:\/\/au-naturel.org\/index.php\/qui-suis-je\/","title":{"rendered":"Qui suis-je ?"},"content":{"rendered":"\n<p><strong>Sandrine Mazzucco<br><\/strong>Di\u00e9t\u00e9ticienne Nutritionniste &#8211; Coach Sportive &#8211; \u00e0 Saint-Maur-des-Foss\u00e9s<\/p>\n\n\n\n<p class=\"haut-3\"><img loading=\"lazy\" decoding=\"async\" width=\"200\" height=\"200\" class=\"wp-image-242\" style=\"width: 200px;\" src=\"http:\/\/au-naturel.org\/wp-content\/uploads\/2023\/02\/SM-2.jpg\" alt=\"Naturopathe Magn\u00e9tiseur Magn\u00e9tiseuse Saint Maur des Foss\u00e9s 94100\" srcset=\"https:\/\/au-naturel.org\/wp-content\/uploads\/2023\/02\/SM-2.jpg 500w, https:\/\/au-naturel.org\/wp-content\/uploads\/2023\/02\/SM-2-300x300.jpg 300w, https:\/\/au-naturel.org\/wp-content\/uploads\/2023\/02\/SM-2-150x150.jpg 150w, https:\/\/au-naturel.org\/wp-content\/uploads\/2023\/02\/SM-2-75x75.jpg 75w, https:\/\/au-naturel.org\/wp-content\/uploads\/2023\/02\/SM-2-100x100.jpg 100w\" sizes=\"auto, (max-width: 200px) 100vw, 200px\" \/><\/p>\n\n\n\n<p class=\"haut-3\">Di\u00e9t\u00e9ticienne Nutritionniste et coach sportive<strong> dipl\u00f4m\u00e9e<\/strong>, j\u2019ai trouv\u00e9 \u00e0 travers ce m\u00e9tier une <strong>fa\u00e7on d\u2019apporter du bien-\u00eatre<\/strong> autour de moi, avec une <strong>approche pr\u00e9ventive de la sant\u00e9<\/strong> par l&#8217;hygi\u00e8ne de vie et une <strong>vision globale de la personne<\/strong>.<\/p>\n\n\n\n<p>Je crois que pour <strong>vivre longtemps et en bonne forme<\/strong>, il est essentiel de <strong>revenir aux fondamentaux naturels<\/strong> : bien se nourrir, bien bouger et entretenir son corps pour qu\u2019il reste fonctionnel. <strong>Mon objectif est d\u2019aider chacun \u00e0 retrouver ces bases essentielles, \u00e0 reprendre le contr\u00f4le de son bien-\u00eatre et \u00e0 construire une forme durable, loin des d\u00e9rives de la soci\u00e9t\u00e9 moderne.<\/strong><\/p>\n\n\n\n<p>C\u2019est pourquoi je propose un accompagnement <strong>complet et individualis\u00e9<\/strong>.<\/p>\n\n\n<h2 class=\"bas-1 haut-3\">\ud83c\udf3f Ma d\u00e9marche<\/h2>\n\n\n<p>Passionn\u00e9e par la <strong>nutrition<\/strong> depuis plus de 20 ans, j\u2019ai suivi une formation aux <strong>\u00c9tats-Unis<\/strong> en <strong>nutrition<\/strong> g\u00e9n\u00e9rale, <strong>nutrition sportive<\/strong> et <strong>sant\u00e9 &amp; bien-\u00eatre<\/strong>. J\u2019ai ensuite obtenu un dipl\u00f4me fran\u00e7ais reconnu et j&#8217;exerce d\u00e9sormais en tant que professionnelle de sant\u00e9. Je continue toutefois \u00e0 me former pour garantir un accompagnement bas\u00e9 sur les derni\u00e8res avanc\u00e9es scientifiques.<\/p>\n\n\n\n<p>Je suis \u00e9galement sp\u00e9cialis\u00e9e dans <strong>le coaching sportif et le renforcement musculaire<\/strong>, car <strong>l\u2019activit\u00e9 physique est essentielle pour pr\u00e9server un corps fonctionnel, am\u00e9liorer la mobilit\u00e9 et optimiser la condition physique<\/strong>.<\/p>\n\n\n\n<p><h2 class=\"bas-1 haut-3\"><strong>\ud83c\udfaf Mes domaines de comp\u00e9tence<\/strong><\/h2><\/p>\n\n\n\n<p>\ud83d\udccc <strong>Bien-\u00eatre &amp; \u00e9quilibre naturel<\/strong> :<br>\u2714 R\u00e9\u00e9quilibrage alimentaire<br>\u2714 Micronutrition et conseils en compl\u00e9ments alimentaires<br>\u2714 Hygi\u00e8ne de vie<br>\u2714 Gestion du stress et de l\u2019anxi\u00e9t\u00e9<br>\u2714 Fatigue &amp; troubles du sommeil<\/p>\n\n\n\n<p>\ud83d\udccc <strong>Coaching &amp; accompagnement sportif<\/strong> :<br>\u2714 Reprise d\u2019une activit\u00e9 physique en douceur<br>\u2714 Renforcement musculaire fonctionnel (mobilit\u00e9, pr\u00e9vention des douleurs, bien vieillir)<br>\u2714 Accompagnement sportif sp\u00e9cifique (optimisation des performances, pr\u00e9paration physique)<\/p>\n\n\n<h2 class=\"haut-3 bas-1\"><strong>\ud83c\udf93 Mon parcours de formation<\/strong><\/h2>\n<p>\ud83d\udccc <strong>Nutrition &amp; micronutrition<\/strong>\u00a0:<\/p>\n\n\n<ul class=\"wp-block-list\">\n<li>2025 : <strong>BTS di\u00e9t\u00e9tique<\/strong><\/li>\n\n\n\n<li>2023 : <strong>Certification en Micronutrition<\/strong><\/li>\n\n\n\n<li>2017 : <strong>Certification en Nutrition \u2013 Austin Peay State University<\/strong><\/li>\n\n\n\n<li>2017 : <strong>Certification en Nutrition du sport \u2013 Austin Peay State University<\/strong><\/li>\n\n\n\n<li>2017 : Certification Health and well-being (Sant\u00e9 &amp; bien-\u00eatre) &#8211; Austin Peay State University<\/li>\n\n\n\n<li>2021 : <strong>Certification de praticienne en naturopathie<\/strong><\/li>\n<\/ul>\n\n\n\n<p class=\"haut-2\">\ud83d\udccc <strong>Coaching sportif &amp; pr\u00e9paration physique<\/strong> :<\/p>\n\n\n\n<ul class=\"wp-block-list\">\n\n<li>2025 : <strong>Dipl\u00f4me de coach sportif \u2013 Instructeur Fitness &amp; Personal Training<\/strong><\/li><\/ul>\n\n<div class=\"haut-3\">\u00a0<\/div>\n\n<p><br><\/p>\n\n<div id=\"envira-gallery-wrap-234\" class=\"envira-gallery-wrap envira-gallery-theme-base envira-lightbox-theme-base\" itemscope itemtype=\"https:\/\/schema.org\/ImageGallery\"><div data-row-height=\"150\" data-gallery-theme=\"normal\" id=\"envira-gallery-234\" class=\"envira-gallery-public envira-gallery-justified-public envira-gallery-0-columns envira-clear enviratope envira-gallery-css-animations\" data-envira-columns=\"0\"><div id=\"envira-gallery-item-229\" class=\"envira-gallery-item enviratope-item envira-gallery-item-1 envira-lazy-load\" style=\"padding-left: 5px; padding-bottom: 10px; padding-right: 5px;\"  itemscope itemtype=\"https:\/\/schema.org\/ImageObject\"><div class=\"envira-gallery-item-inner\"><div class=\"envira-gallery-position-overlay  envira-gallery-top-left\"><\/div><div class=\"envira-gallery-position-overlay  envira-gallery-top-right\"><\/div><div class=\"envira-gallery-position-overlay  envira-gallery-bottom-left\"><\/div><div class=\"envira-gallery-position-overlay  envira-gallery-bottom-right\"><\/div><a href=\"http:\/\/au-naturel.org\/wp-content\/uploads\/2023\/02\/Diplomes-Carton-2.jpg\" class=\"envira-gallery-234 envira-gallery-link\" rel=\"enviragallery234\" title=\"Sandrine-Mazzucco-Nutrition-Diploma\" data-envira-caption=\"Sandrine-Mazzucco-Nutrition-Diploma\" data-envira-retina=\"\" data-thumbnail=\"\"  itemprop=\"contentUrl\"><img decoding=\"async\" id=\"envira-gallery-image-229\" class=\"envira-gallery-image envira-gallery-image-1 envira-normal envira-lazy\" data-envira-index=\"1\" src=\"https:\/\/au-naturel.org\/wp-content\/uploads\/2023\/02\/Diplomes-Carton-2-640x480.jpg\" data-envira-src=\"https:\/\/au-naturel.org\/wp-content\/uploads\/2023\/02\/Diplomes-Carton-2-640x480.jpg\" data-envira-gallery-id=\"234\" data-envira-item-id=\"229\" data-envira-caption=\"Sandrine-Mazzucco-Nutrition-Diploma\" alt=\"Nutritioniste Saint Maur des Foss\u00e9s 94100\" title=\"Sandrine-Mazzucco-Nutrition-Diploma\"  itemprop=\"thumbnailUrl\" data-envira-srcset=\"https:\/\/au-naturel.org\/wp-content\/uploads\/2023\/02\/Diplomes-Carton-2-640x480.jpg 400w,https:\/\/au-naturel.org\/wp-content\/uploads\/2023\/02\/Diplomes-Carton-2-640x480.jpg 2x\" data-envira-width=\"210\" data-envira-height=\"300\" srcset=\"data:image\/gif;base64,R0lGODlhAQABAIAAAP\/\/\/\/\/\/\/yH5BAEKAAEALAAAAAABAAEAAAICTAEAOw==\" data-safe-src=\"data:image\/gif;base64,R0lGODlhAQABAIAAAP\/\/\/\/\/\/\/yH5BAEKAAEALAAAAAABAAEAAAICTAEAOw==\" \/><\/a><\/div><\/div><div id=\"envira-gallery-item-230\" class=\"envira-gallery-item enviratope-item envira-gallery-item-2 envira-lazy-load\" style=\"padding-left: 5px; padding-bottom: 10px; padding-right: 5px;\"  itemscope itemtype=\"https:\/\/schema.org\/ImageObject\"><div class=\"envira-gallery-item-inner\"><div class=\"envira-gallery-position-overlay  envira-gallery-top-left\"><\/div><div class=\"envira-gallery-position-overlay  envira-gallery-top-right\"><\/div><div class=\"envira-gallery-position-overlay  envira-gallery-bottom-left\"><\/div><div class=\"envira-gallery-position-overlay  envira-gallery-bottom-right\"><\/div><a href=\"http:\/\/au-naturel.org\/wp-content\/uploads\/2023\/02\/Diplomes-Carton-3.jpg\" class=\"envira-gallery-234 envira-gallery-link\" rel=\"enviragallery234\" title=\"Sandrine-Mazzucco-Sports-Nutrition-Diploma\" data-envira-caption=\"Sandrine-Mazzucco-Sports-Nutrition-Diploma\" data-envira-retina=\"\" data-thumbnail=\"\"  itemprop=\"contentUrl\"><img decoding=\"async\" id=\"envira-gallery-image-230\" class=\"envira-gallery-image envira-gallery-image-2 envira-normal envira-lazy\" data-envira-index=\"2\" src=\"https:\/\/au-naturel.org\/wp-content\/uploads\/2023\/02\/Diplomes-Carton-3-640x480.jpg\" data-envira-src=\"https:\/\/au-naturel.org\/wp-content\/uploads\/2023\/02\/Diplomes-Carton-3-640x480.jpg\" data-envira-gallery-id=\"234\" data-envira-item-id=\"230\" data-envira-caption=\"Sandrine-Mazzucco-Sports-Nutrition-Diploma\" alt=\"Nutritioniste du sport Saint Maur des Foss\u00e9s 94100\" title=\"Sandrine-Mazzucco-Sports-Nutrition-Diploma\"  itemprop=\"thumbnailUrl\" data-envira-srcset=\"https:\/\/au-naturel.org\/wp-content\/uploads\/2023\/02\/Diplomes-Carton-3-640x480.jpg 400w,https:\/\/au-naturel.org\/wp-content\/uploads\/2023\/02\/Diplomes-Carton-3-640x480.jpg 2x\" data-envira-width=\"210\" data-envira-height=\"300\" srcset=\"data:image\/gif;base64,R0lGODlhAQABAIAAAP\/\/\/\/\/\/\/yH5BAEKAAEALAAAAAABAAEAAAICTAEAOw==\" data-safe-src=\"data:image\/gif;base64,R0lGODlhAQABAIAAAP\/\/\/\/\/\/\/yH5BAEKAAEALAAAAAABAAEAAAICTAEAOw==\" \/><\/a><\/div><\/div><div id=\"envira-gallery-item-228\" class=\"envira-gallery-item enviratope-item envira-gallery-item-3 envira-lazy-load\" style=\"padding-left: 5px; padding-bottom: 10px; padding-right: 5px;\"  itemscope itemtype=\"https:\/\/schema.org\/ImageObject\"><div class=\"envira-gallery-item-inner\"><div class=\"envira-gallery-position-overlay  envira-gallery-top-left\"><\/div><div class=\"envira-gallery-position-overlay  envira-gallery-top-right\"><\/div><div class=\"envira-gallery-position-overlay  envira-gallery-bottom-left\"><\/div><div class=\"envira-gallery-position-overlay  envira-gallery-bottom-right\"><\/div><a href=\"http:\/\/au-naturel.org\/wp-content\/uploads\/2023\/02\/Diplomes-Carton-1.jpg\" class=\"envira-gallery-234 envira-gallery-link\" rel=\"enviragallery234\" title=\"Sandrine-Mazzucco-Health-and-well-being-Diploma\" data-envira-caption=\"Sandrine-Mazzucco-Health-and-well-being-Diploma\" data-envira-retina=\"\" data-thumbnail=\"\"  itemprop=\"contentUrl\"><img decoding=\"async\" id=\"envira-gallery-image-228\" class=\"envira-gallery-image envira-gallery-image-3 envira-normal envira-lazy\" data-envira-index=\"3\" src=\"https:\/\/au-naturel.org\/wp-content\/uploads\/2023\/02\/Diplomes-Carton-1-640x480.jpg\" data-envira-src=\"https:\/\/au-naturel.org\/wp-content\/uploads\/2023\/02\/Diplomes-Carton-1-640x480.jpg\" data-envira-gallery-id=\"234\" data-envira-item-id=\"228\" data-envira-caption=\"Sandrine-Mazzucco-Health-and-well-being-Diploma\" alt=\"Bien \u00eatre Saint Maur des Foss\u00e9s 94100\" title=\"Sandrine-Mazzucco-Health-and-well-being-Diploma\"  itemprop=\"thumbnailUrl\" data-envira-srcset=\"https:\/\/au-naturel.org\/wp-content\/uploads\/2023\/02\/Diplomes-Carton-1-640x480.jpg 400w,https:\/\/au-naturel.org\/wp-content\/uploads\/2023\/02\/Diplomes-Carton-1-640x480.jpg 2x\" data-envira-width=\"210\" data-envira-height=\"300\" srcset=\"data:image\/gif;base64,R0lGODlhAQABAIAAAP\/\/\/\/\/\/\/yH5BAEKAAEALAAAAAABAAEAAAICTAEAOw==\" data-safe-src=\"data:image\/gif;base64,R0lGODlhAQABAIAAAP\/\/\/\/\/\/\/yH5BAEKAAEALAAAAAABAAEAAAICTAEAOw==\" \/><\/a><\/div><\/div><div id=\"envira-gallery-item-227\" class=\"envira-gallery-item enviratope-item envira-gallery-item-4 envira-lazy-load\" style=\"padding-left: 5px; padding-bottom: 10px; padding-right: 5px;\"  itemscope itemtype=\"https:\/\/schema.org\/ImageObject\"><div class=\"envira-gallery-item-inner\"><div class=\"envira-gallery-position-overlay  envira-gallery-top-left\"><\/div><div class=\"envira-gallery-position-overlay  envira-gallery-top-right\"><\/div><div class=\"envira-gallery-position-overlay  envira-gallery-bottom-left\"><\/div><div class=\"envira-gallery-position-overlay  envira-gallery-bottom-right\"><\/div><a href=\"http:\/\/au-naturel.org\/wp-content\/uploads\/2023\/02\/Certificat-de-reussite-Sante-et-bien-etre-introduction-aux-medecins-naturelles-v2.jpg\" class=\"envira-gallery-234 envira-gallery-link\" rel=\"enviragallery234\" title=\"Certificat-de-re\u0301ussite-Sante\u0301-et-bien-e\u0302tre-introduction-aux-me\u0301decines-naturelles\" data-envira-caption=\"Certificat-de-re\u0301ussite-Sante\u0301-et-bien-e\u0302tre-introduction-aux-me\u0301decines-naturelles\" data-envira-retina=\"\" data-thumbnail=\"\"  itemprop=\"contentUrl\"><img decoding=\"async\" id=\"envira-gallery-image-227\" class=\"envira-gallery-image envira-gallery-image-4 envira-normal envira-lazy\" data-envira-index=\"4\" src=\"https:\/\/au-naturel.org\/wp-content\/uploads\/2023\/02\/Certificat-de-reussite-Sante-et-bien-etre-introduction-aux-medecins-naturelles-v2-640x480.jpg\" data-envira-src=\"https:\/\/au-naturel.org\/wp-content\/uploads\/2023\/02\/Certificat-de-reussite-Sante-et-bien-etre-introduction-aux-medecins-naturelles-v2-640x480.jpg\" data-envira-gallery-id=\"234\" data-envira-item-id=\"227\" data-envira-caption=\"Certificat-de-re\u0301ussite-Sante\u0301-et-bien-e\u0302tre-introduction-aux-me\u0301decines-naturelles\" alt=\"Bien \u00eatre et m\u00e9decines naturelles Saint Maur des Foss\u00e9s 94100\" title=\"Certificat-de-re\u0301ussite-Sante\u0301-et-bien-e\u0302tre-introduction-aux-me\u0301decines-naturelles\"  itemprop=\"thumbnailUrl\" data-envira-srcset=\"https:\/\/au-naturel.org\/wp-content\/uploads\/2023\/02\/Certificat-de-reussite-Sante-et-bien-etre-introduction-aux-medecins-naturelles-v2-640x480.jpg 400w,https:\/\/au-naturel.org\/wp-content\/uploads\/2023\/02\/Certificat-de-reussite-Sante-et-bien-etre-introduction-aux-medecins-naturelles-v2-640x480.jpg 2x\" data-envira-width=\"212\" data-envira-height=\"300\" srcset=\"data:image\/gif;base64,R0lGODlhAQABAIAAAP\/\/\/\/\/\/\/yH5BAEKAAEALAAAAAABAAEAAAICTAEAOw==\" data-safe-src=\"data:image\/gif;base64,R0lGODlhAQABAIAAAP\/\/\/\/\/\/\/yH5BAEKAAEALAAAAAABAAEAAAICTAEAOw==\" \/><\/a><\/div><\/div><div id=\"envira-gallery-item-231\" class=\"envira-gallery-item enviratope-item envira-gallery-item-5 envira-lazy-load\" style=\"padding-left: 5px; padding-bottom: 10px; padding-right: 5px;\"  itemscope itemtype=\"https:\/\/schema.org\/ImageObject\"><div class=\"envira-gallery-item-inner\"><div class=\"envira-gallery-position-overlay  envira-gallery-top-left\"><\/div><div class=\"envira-gallery-position-overlay  envira-gallery-top-right\"><\/div><div class=\"envira-gallery-position-overlay  envira-gallery-bottom-left\"><\/div><div class=\"envira-gallery-position-overlay  envira-gallery-bottom-right\"><\/div><a href=\"http:\/\/au-naturel.org\/wp-content\/uploads\/2023\/02\/Sandrine-Mazzucco-Nutrition-Diploma.jpg\" class=\"envira-gallery-234 envira-gallery-link\" rel=\"enviragallery234\" title=\"Sandrine-Mazzucco-Nutrition-Diploma\" data-envira-caption=\"Sandrine-Mazzucco-Nutrition-Diploma\" data-envira-retina=\"\" data-thumbnail=\"\"  itemprop=\"contentUrl\"><img decoding=\"async\" id=\"envira-gallery-image-231\" class=\"envira-gallery-image envira-gallery-image-5 envira-normal envira-lazy\" data-envira-index=\"5\" src=\"https:\/\/au-naturel.org\/wp-content\/uploads\/2023\/02\/Sandrine-Mazzucco-Nutrition-Diploma-640x480.jpg\" data-envira-src=\"https:\/\/au-naturel.org\/wp-content\/uploads\/2023\/02\/Sandrine-Mazzucco-Nutrition-Diploma-640x480.jpg\" data-envira-gallery-id=\"234\" data-envira-item-id=\"231\" data-envira-caption=\"Sandrine-Mazzucco-Nutrition-Diploma\" alt=\"Nutritioniste Saint Maur des Foss\u00e9s 94100\" title=\"Sandrine-Mazzucco-Nutrition-Diploma\"  itemprop=\"thumbnailUrl\" data-envira-srcset=\"https:\/\/au-naturel.org\/wp-content\/uploads\/2023\/02\/Sandrine-Mazzucco-Nutrition-Diploma-640x480.jpg 400w,https:\/\/au-naturel.org\/wp-content\/uploads\/2023\/02\/Sandrine-Mazzucco-Nutrition-Diploma-640x480.jpg 2x\" data-envira-width=\"209\" data-envira-height=\"300\" srcset=\"data:image\/gif;base64,R0lGODlhAQABAIAAAP\/\/\/\/\/\/\/yH5BAEKAAEALAAAAAABAAEAAAICTAEAOw==\" data-safe-src=\"data:image\/gif;base64,R0lGODlhAQABAIAAAP\/\/\/\/\/\/\/yH5BAEKAAEALAAAAAABAAEAAAICTAEAOw==\" \/><\/a><\/div><\/div><\/div><\/div><noscript><img decoding=\"async\" src=\"https:\/\/au-naturel.org\/wp-content\/uploads\/2023\/02\/Diplomes-Carton-2.jpg\" alt=\"Nutritioniste Saint Maur des Foss\u00e9s 94100\" \/><img decoding=\"async\" src=\"https:\/\/au-naturel.org\/wp-content\/uploads\/2023\/02\/Diplomes-Carton-3.jpg\" alt=\"Nutritioniste du sport Saint Maur des Foss\u00e9s 94100\" \/><img decoding=\"async\" src=\"https:\/\/au-naturel.org\/wp-content\/uploads\/2023\/02\/Diplomes-Carton-1.jpg\" alt=\"Bien \u00eatre Saint Maur des Foss\u00e9s 94100\" \/><img decoding=\"async\" src=\"https:\/\/au-naturel.org\/wp-content\/uploads\/2023\/02\/Certificat-de-reussite-Sante-et-bien-etre-introduction-aux-medecins-naturelles-v2.jpg\" alt=\"Bien \u00eatre et m\u00e9decines naturelles Saint Maur des Foss\u00e9s 94100\" \/><img decoding=\"async\" src=\"https:\/\/au-naturel.org\/wp-content\/uploads\/2023\/02\/Sandrine-Mazzucco-Nutrition-Diploma.jpg\" alt=\"Nutritioniste Saint Maur des Foss\u00e9s 94100\" \/><\/noscript>\n\n\n","protected":false},"excerpt":{"rendered":"<p>Sandrine MazzuccoDi\u00e9t\u00e9ticienne Nutritionniste &#8211; Coach Sportive &#8211; \u00e0 Saint-Maur-des-Foss\u00e9s Di\u00e9t\u00e9ticienne Nutritionniste et coach sportive dipl\u00f4m\u00e9e, j\u2019ai trouv\u00e9 \u00e0 travers ce m\u00e9tier une fa\u00e7on d\u2019apporter du bien-\u00eatre autour de moi, avec une approche pr\u00e9ventive de la sant\u00e9 par l&#8217;hygi\u00e8ne de vie et une vision globale de la personne. Je crois que pour vivre longtemps et en &hellip; <\/p>\n<div class=\"link-more text-center\"><a href=\"https:\/\/au-naturel.org\/index.php\/qui-suis-je\/\" class=\"more-link py-2 px-4\">Read More<span class=\"screen-reader-text\"> &#8220;Qui suis-je ?&#8221;<\/span><\/a><\/div>\n <a class=\"more-link\" href=\"https:\/\/au-naturel.org\/index.php\/qui-suis-je\/\">Lire plus<\/a>","protected":false},"author":1,"featured_media":0,"parent":0,"menu_order":0,"comment_status":"closed","ping_status":"closed","template":"","meta":{"footnotes":""},"class_list":["post-137","page","type-page","status-publish","hentry"],"_links":{"self":[{"href":"https:\/\/au-naturel.org\/index.php\/wp-json\/wp\/v2\/pages\/137","targetHints":{"allow":["GET"]}}],"collection":[{"href":"https:\/\/au-naturel.org\/index.php\/wp-json\/wp\/v2\/pages"}],"about":[{"href":"https:\/\/au-naturel.org\/index.php\/wp-json\/wp\/v2\/types\/page"}],"author":[{"embeddable":true,"href":"https:\/\/au-naturel.org\/index.php\/wp-json\/wp\/v2\/users\/1"}],"replies":[{"embeddable":true,"href":"https:\/\/au-naturel.org\/index.php\/wp-json\/wp\/v2\/comments?post=137"}],"version-history":[{"count":100,"href":"https:\/\/au-naturel.org\/index.php\/wp-json\/wp\/v2\/pages\/137\/revisions"}],"predecessor-version":[{"id":1153,"href":"https:\/\/au-naturel.org\/index.php\/wp-json\/wp\/v2\/pages\/137\/revisions\/1153"}],"wp:attachment":[{"href":"https:\/\/au-naturel.org\/index.php\/wp-json\/wp\/v2\/media?parent=137"}],"curies":[{"name":"wp","href":"https:\/\/api.w.org\/{rel}","templated":true}]}}