{"id":144,"date":"2023-02-24T13:55:47","date_gmt":"2023-02-24T12:55:47","guid":{"rendered":"https:\/\/au-naturel.org\/?page_id=144"},"modified":"2025-03-07T17:07:24","modified_gmt":"2025-03-07T16:07:24","slug":"quest-ce-que-le-magnetisme","status":"publish","type":"page","link":"https:\/\/au-naturel.org\/index.php\/quest-ce-que-le-magnetisme\/","title":{"rendered":"Qu&#8217;est-ce que le magn\u00e9tisme ?"},"content":{"rendered":"\n<p>Le magn\u00e9tisme, \u00e9galement appel\u00e9 \u00e9nergie vitale, est pr\u00e9sent dans tout organisme. Cette \u00e9nergie s\u2019appelle le KI au Japon, le CHI en Chine et le PRANA en Inde. C\u2019est un mouvement continu 24h sur 24.<\/p>\n\n\n\n<p>\ud83c\udf3f <strong>Je crois que pour vivre longtemps et en bonne forme, il faut revenir aux fondamentaux naturels : bien se nourrir, bien bouger et entretenir son corps pour qu\u2019il reste fonctionnel.<\/strong><br><strong>Le magn\u00e9tisme s\u2019inscrit pleinement dans cette approche globale<\/strong> : en r\u00e9tablissant la circulation de l\u2019\u00e9nergie vitale, il favorise l\u2019\u00e9quilibre du corps et du mental, permettant \u00e0 chacun de retrouver une harmonie naturelle. <br>Il ne remplace pas la m\u00e9decine conventionnelle, mais vient en soutien, en compl\u00e9ment, pour accompagner chacun vers un bien-\u00eatre durable.<\/p>\n\n\n\n<h2 class=\"wp-block-heading haut-3 bas-1\">Et la science dans tout cela ?<\/h2>\n\n\n\n<p><strong>La pomme n\u2019a pas attendu Newton pour tomber de l\u2019arbre\u2026 De la m\u00eame mani\u00e8re, certaines choses existent bien avant qu\u2019on puisse les expliquer scientifiquement. Cela dit, certaines d\u00e9couvertes permettent aujourd\u2019hui d\u2019\u00e9clairer des ph\u00e9nom\u00e8nes longtemps consid\u00e9r\u00e9s comme inexplicables.<\/strong><\/p>\n\n\n<div class=\"wp-block-image\">\n<figure class=\"alignleft size-full is-resized\"><img loading=\"lazy\" decoding=\"async\" width=\"816\" height=\"740\" src=\"http:\/\/au-naturel.org\/wp-content\/uploads\/2023\/02\/Atome-magnetisme.jpg\" alt=\"Atome Magn\u00e9tisme Saint-Maur-des-Foss\u00e9s 94\" class=\"wp-image-389\" style=\"width:204px;height:185px\" srcset=\"https:\/\/au-naturel.org\/wp-content\/uploads\/2023\/02\/Atome-magnetisme.jpg 816w, https:\/\/au-naturel.org\/wp-content\/uploads\/2023\/02\/Atome-magnetisme-300x272.jpg 300w, https:\/\/au-naturel.org\/wp-content\/uploads\/2023\/02\/Atome-magnetisme-768x696.jpg 768w\" sizes=\"auto, (max-width: 816px) 100vw, 816px\" \/><\/figure>\n<\/div>\n\n\n<p>Beaucoup de personnes ont du mal \u00e0 appr\u00e9hender ce qui ne se per\u00e7oit pas directement dans le monde physique, et c&#8217;est tout \u00e0 fait compr\u00e9hensible. Il est int\u00e9ressant de lire des textes de Newton, Tesla et Einstein sur certaines notions qui peuvent paraitre abstraites.<\/p>\n\n\n\n<p>Toute mati\u00e8re est faite d\u2019atomes. Les atomes sont constitu\u00e9s d\u2019un noyau, de vide, et d\u2019\u00e9lectrons qui gravitent autour du noyau. Les \u00e9lectrons sont de l\u2019\u00e9nergie. Donc tout \u00eatre, mati\u00e8re, liquide, gazeux, son, lumi\u00e8re, onde, champ, gravit\u00e9\u2026 est \u00e9nergie. Tous les \u00eatres vivants sont irrigu\u00e9s par ces \u00e9nergies vitales universelles.<\/p>\n\n\n\n<p>Cela peut para\u00eetre un petit peut \u00ab&nbsp;perch\u00e9&nbsp;\u00bb pour les plus sceptiques. Il s\u2019agit pourtant de d\u00e9couvertes de grands scientifiques mondialement reconnus.<\/p>\n\n\n\n<p class=\"gris\"><em>\u00ab&nbsp;Il n&#8217;existe pas, \u00e0 proprement parler, de mati\u00e8re. Toute mati\u00e8re tire son origine et n&#8217;existe qu&#8217;en vertu d&#8217;une force qui fait vibrer les particules de l&#8217;atome et tient ce minuscule syst\u00e8me solaire qu\u2019est atome en un seul morceau. \u00bb<\/em> &#8211; Max Planck (prix Nobel de physique)<\/p>\n\n\n\n<p class=\"gris\"><em>\u00ab&nbsp;Concernant la mati\u00e8re, nous nous sommes tromp\u00e9s. Ce que nous avons appel\u00e9 mati\u00e8re n\u2019est que de l\u2019\u00e9nergie qui a ralenti sa vibration afin d\u2019\u00eatre&nbsp;perceptible par nos sens.&nbsp;Il n\u2019y a pas de mati\u00e8re.&nbsp;Tout est \u00e9nergie. Tout vibre \u00e0 des niveaux particuliers.&nbsp;\u00bb<\/em> &#8211; Albert Einstein<\/p>\n\n\n<div class=\"wp-block-image\">\n<figure class=\"alignright size-large is-resized\"><img loading=\"lazy\" decoding=\"async\" width=\"1024\" height=\"855\" src=\"http:\/\/au-naturel.org\/wp-content\/uploads\/2023\/02\/Albert-Einstein-1024x855.jpg\" alt=\"Albert Einstein \u00e9nergie vibration\" class=\"wp-image-391\" style=\"width:217px;height:181px\" srcset=\"https:\/\/au-naturel.org\/wp-content\/uploads\/2023\/02\/Albert-Einstein-1024x855.jpg 1024w, https:\/\/au-naturel.org\/wp-content\/uploads\/2023\/02\/Albert-Einstein-300x250.jpg 300w, https:\/\/au-naturel.org\/wp-content\/uploads\/2023\/02\/Albert-Einstein-768x641.jpg 768w, https:\/\/au-naturel.org\/wp-content\/uploads\/2023\/02\/Albert-Einstein.jpg 1198w\" sizes=\"auto, (max-width: 1024px) 100vw, 1024px\" \/><\/figure>\n<\/div>\n\n\n<p><strong>Cela signifie que notre \u00e9tat \u00e9nerg\u00e9tique peut \u00e9voluer, influen\u00e7ant notre bien-\u00eatre physique et \u00e9motionnel. <\/strong>Gr\u00e2ce \u00e0 cette loi de l\u2019\u00e9nergie en mouvement et des vibrations, il est possible de retrouver un \u00e9quilibre plus harmonieux.<\/p>\n\n\n\n<p class=\"gris\"><em>\u00ab&nbsp;Tout est \u00e9nergie, et c\u2019est l\u00e0 tout ce qu&#8217;il y a \u00e0 comprendre dans la vie. Aligne-toi \u00e0 la fr\u00e9quence de la r\u00e9alit\u00e9 que tu souhaites et cette r\u00e9alit\u00e9 se manifestera. Il ne peut en \u00eatre autrement. Ce n\u2019est pas de la philosophie. C\u2019est de la physique&nbsp;\u00bb.<\/em> &#8211; Albert Einstein<\/p>\n\n\n\n<p>L&#8217;\u00e9nergie vitale dans un corps sain est de 68 Hz. Il a \u00e9t\u00e9 mesur\u00e9 scientifiquement ; il s&#8217;agit de la fr\u00e9quence vibratoire d&#8217;une personne en bonne sant\u00e9. Les douleurs et les maladies r\u00e9sultent d&#8217;un changement de fr\u00e9quence vibratoire de l&#8217;\u00e9nergie vitale circulant dans le corps, qui induit un d\u00e9s\u00e9quilibre.<\/p>\n\n\n\n<p><h2 class=\"haut-3 bas-1\">Qu&#8217;est-ce que magn\u00e9tiser ?<\/h2><\/p>\n\n\n\n<p><strong>La pratique du magn\u00e9tisme est une pratique naturelle<\/strong> tr\u00e8s ancienne qui permet de faire circuler les \u00e9nergies. Magn\u00e9tiser c\u2019est l\u2019action de transmettre de l\u2019\u00e9nergie vitale sur une personne, sur des v\u00e9g\u00e9taux, sur des animaux et\/ou sur des substances. On remet de l&#8217;\u00e9nergie pour r\u00e9tablir l\u2019\u00e9quilibre.<\/p>\n\n\n\n<p>Les douleurs et les pathologies sont la cons\u00e9quence d\u2019un d\u00e9s\u00e9quilibre \u00e9nerg\u00e9tique sur une ou plusieurs parties de du corps. Gr\u00e2ce au magn\u00e9tisme, il sera alors possible de pallier \u00e0 certaines de ces d\u00e9s\u00e9quilibres \u00e9nerg\u00e9tiques.<\/p>\n\n\n<h2 class=\"haut-3 bas-1\">Quand utiliser le magn\u00e9tisme ?<\/h2>\n\n\n<p><strong>Le magn\u00e9tisme permet de soulager ou d&#8217;am\u00e9liorer toutes sortes de maux<\/strong>, comme par exemple :<br>\u2022 Stress, anxi\u00e9t\u00e9, angoisse, d\u00e9pression<br>\u2022 Troubles du sommeil, insomnie<br>\u2022 Douleurs articulaires et musculaires : contracture, tendinite, arthrose, arthrite, rhumatisme<br>\u2022 Douleurs dorsales, lombaires ou cervicales : lumbago, sciatique, torticolis, mal de dos<br>\u2022 Probl\u00e8mes de peau : ecz\u00e9ma, psoriasis, zona, verrue, herp\u00e8s, acn\u00e9, escarres, mycoses<br>\u2022 Br\u00fblures (le magn\u00e9tiseur est aussi &#8220;coupeur de feu&#8221;)<br>\u2022 Migraines, acouph\u00e8nes, otites, asthme, allergies, &#8230;<br>\u2022 Troubles digestifs : maux d\u2019estomac, constipation, diarrh\u00e9e, &#8230;<br>\u2022 Infertilit\u00e9, r\u00e8gles douloureuses<br>\u2022 &#8230;<\/p>\n\n\n<h2 class=\"haut-3 bas-1\">Magn\u00e9tiseur ou charlatan ?<\/h2>\n\n\n<p><strong>Un magn\u00e9tiseur s\u00e9rieux<\/strong> pratique le magn\u00e9tisme en respectant des r\u00e8gles de <a class=\"link\" href=\"https:\/\/au-naturel.org\/index.php\/deontologie\/\">d\u00e9ontologie<\/a>.<br>\u2022 Il ne formule pas de diagnostic<br>\u2022 Il ne prescrit aucun m\u00e9dicament<br>\u2022 Il ne tente pas de se substituer au corps m\u00e9dical<br>\u2022 Il n&#8217;incite pas \u00e0 renoncer \u00e0 un traitement m\u00e9dical<br>\u2022 Il ne s&#8217;oppose pas aux interventions chirurgicales<br>\u2022 Il ne promet la gu\u00e9rison<br>\u2022 Il ne porte aucun jugement<br>\u2022 Il respecte le secret professionnel<br><\/p>\n\n\n\n<p class=\"haut-3\"><strong>Envie de d\u00e9couvrir les bienfaits du magn\u00e9tisme ?<\/strong> <br>Parlons-en ensemble et voyons comment cette approche peut vous aider \u00e0 retrouver \u00e9quilibre et vitalit\u00e9.<br><\/p>\n\n\n\n<p><a class=\"link\" href=\"https:\/\/au-naturel.org\/index.php\/contact\/\">\ud83d\udce9 Me contacter<\/a> | \ud83d\udcc5 <a class=\"vert\" href=\"https:\/\/au-naturel.org\/index.php\/rendez-vous-en-cabinet\/\" data-type=\"link\" data-id=\"https:\/\/au-naturel.org\/index.php\/rendez-vous-en-cabinet\/\">prendre rendez-vous<\/a><\/p>\n\n\n\n<p class=\"haut-3\"><em>Le magn\u00e9tisme est une approche naturelle qui aide \u00e0 r\u00e9tablir l\u2019harmonie du corps et de l\u2019esprit. Associ\u00e9 \u00e0 une hygi\u00e8ne de vie \u00e9quilibr\u00e9e et \u00e0 une activit\u00e9 physique adapt\u00e9e, il peut \u00eatre un outil puissant pour retrouver bien-\u00eatre et vitalit\u00e9.<\/em><br>\ud83c\udf3f <strong>Revenons \u00e0 notre nature<\/strong><\/p>\n","protected":false},"excerpt":{"rendered":"<p>Le magn\u00e9tisme, \u00e9galement appel\u00e9 \u00e9nergie vitale, est pr\u00e9sent dans tout organisme. Cette \u00e9nergie s\u2019appelle le KI au Japon, le CHI en Chine et le PRANA en Inde. C\u2019est un mouvement continu 24h sur 24. \ud83c\udf3f Je crois que pour vivre longtemps et en bonne forme, il faut revenir aux fondamentaux naturels : bien se nourrir, &hellip; <\/p>\n<div class=\"link-more text-center\"><a href=\"https:\/\/au-naturel.org\/index.php\/quest-ce-que-le-magnetisme\/\" class=\"more-link py-2 px-4\">Read More<span class=\"screen-reader-text\"> &#8220;Qu&#8217;est-ce que le magn\u00e9tisme ?&#8221;<\/span><\/a><\/div>\n <a class=\"more-link\" href=\"https:\/\/au-naturel.org\/index.php\/quest-ce-que-le-magnetisme\/\">Lire plus<\/a>","protected":false},"author":1,"featured_media":0,"parent":0,"menu_order":0,"comment_status":"closed","ping_status":"closed","template":"","meta":{"footnotes":""},"class_list":["post-144","page","type-page","status-publish","hentry"],"_links":{"self":[{"href":"https:\/\/au-naturel.org\/index.php\/wp-json\/wp\/v2\/pages\/144","targetHints":{"allow":["GET"]}}],"collection":[{"href":"https:\/\/au-naturel.org\/index.php\/wp-json\/wp\/v2\/pages"}],"about":[{"href":"https:\/\/au-naturel.org\/index.php\/wp-json\/wp\/v2\/types\/page"}],"author":[{"embeddable":true,"href":"https:\/\/au-naturel.org\/index.php\/wp-json\/wp\/v2\/users\/1"}],"replies":[{"embeddable":true,"href":"https:\/\/au-naturel.org\/index.php\/wp-json\/wp\/v2\/comments?post=144"}],"version-history":[{"count":46,"href":"https:\/\/au-naturel.org\/index.php\/wp-json\/wp\/v2\/pages\/144\/revisions"}],"predecessor-version":[{"id":922,"href":"https:\/\/au-naturel.org\/index.php\/wp-json\/wp\/v2\/pages\/144\/revisions\/922"}],"wp:attachment":[{"href":"https:\/\/au-naturel.org\/index.php\/wp-json\/wp\/v2\/media?parent=144"}],"curies":[{"name":"wp","href":"https:\/\/api.w.org\/{rel}","templated":true}]}}