{"id":43,"date":"2023-02-24T18:08:27","date_gmt":"2023-02-24T17:08:27","guid":{"rendered":"https:\/\/au-naturel.org\/?page_id=43"},"modified":"2025-09-05T13:39:12","modified_gmt":"2025-09-05T11:39:12","slug":"deontologie","status":"publish","type":"page","link":"https:\/\/au-naturel.org\/index.php\/deontologie\/","title":{"rendered":"D\u00e9ontologie"},"content":{"rendered":"\n<p>En tant que praticienne, je m\u2019engage \u00e0 respecter un cadre professionnel rigoureux et \u00e9thique. Mon objectif est de garantir une pratique bienveillante et transparente.<\/p>\n\n\n\n<p>\ud83c\udf3f <strong>Je crois que pour vivre longtemps et en bonne forme, il faut revenir aux fondamentaux naturels : bien se nourrir, bien bouger et entretenir son corps pour qu\u2019il reste fonctionnel.<\/strong><\/p>\n\n\n\n<p>C\u2019est dans cet esprit que j\u2019exerce, en apportant des solutions naturelles et un accompagnement respectueux de chacun.<\/p>\n\n\n\n<p><\/p>\n\n\n\n<p class=\"haut-3\"><strong>Mes engagements : <\/strong><\/p>\n\n\n\n<ul class=\"wp-block-list\">\n<li>accueillir chaque personne avec respect, bienveillance et sans jugement<\/li>\n\n\n\n<li>garantir la confidentialit\u00e9 des \u00e9changes<\/li>\n\n\n\n<li>encourager le consultant \u00e0 se tourner vers un professionnel de sant\u00e9 lorsque son \u00e9tat n\u00e9cessite une prise en charge m\u00e9dicale<\/li>\n\n\n\n<li>ne pas interrompre ou modifier un traitement m\u00e9dical<\/li>\n\n\n\n<li>ne formuler aucun diagnostic m\u00e9dical<\/li>\n\n\n\n<li>ne m&#8217;opposer \u00e0 aucun traitement m\u00e9dical en cours donn\u00e9 par un m\u00e9decin<\/li>\n\n\n\n<li>ne m&#8217;opposer \u00e0 aucune intervention chirurgicale pr\u00e9vue par un m\u00e9decin<\/li>\n\n\n\n<li>ne porter aucune atteinte \u00e0 la personne sous quelque forme que ce soit (influence mentale, abus de faiblesse, &#8230;)<\/li>\n\n\n\n<li>faire tout mon possible pour accompagner chaque consultant, sans pour cela promettre le miracle<\/li>\n<\/ul>\n\n\n\n<p class=\"haut-3\">Cet engagement d\u00e9ontologique garantit une approche \u00e9thique et respectueuse. <strong>Mon r\u00f4le est de vous accompagner avec sinc\u00e9rit\u00e9 et professionnalisme, toujours dans l\u2019\u00e9coute et la bienveillance.<\/strong><\/p>\n\n\n\n<p>\ud83c\udf3f <strong>Revenons \u00e0 notre nature.<\/strong><\/p>\n","protected":false},"excerpt":{"rendered":"<p>En tant que praticienne, je m\u2019engage \u00e0 respecter un cadre professionnel rigoureux et \u00e9thique. Mon objectif est de garantir une pratique bienveillante et transparente. \ud83c\udf3f Je crois que pour vivre longtemps et en bonne forme, il faut revenir aux fondamentaux naturels : bien se nourrir, bien bouger et entretenir son corps pour qu\u2019il reste fonctionnel. &hellip; <\/p>\n<div class=\"link-more text-center\"><a href=\"https:\/\/au-naturel.org\/index.php\/deontologie\/\" class=\"more-link py-2 px-4\">Read More<span class=\"screen-reader-text\"> &#8220;D\u00e9ontologie&#8221;<\/span><\/a><\/div>\n <a class=\"more-link\" href=\"https:\/\/au-naturel.org\/index.php\/deontologie\/\">Lire plus<\/a>","protected":false},"author":1,"featured_media":0,"parent":0,"menu_order":0,"comment_status":"closed","ping_status":"closed","template":"","meta":{"footnotes":""},"class_list":["post-43","page","type-page","status-publish","hentry"],"_links":{"self":[{"href":"https:\/\/au-naturel.org\/index.php\/wp-json\/wp\/v2\/pages\/43","targetHints":{"allow":["GET"]}}],"collection":[{"href":"https:\/\/au-naturel.org\/index.php\/wp-json\/wp\/v2\/pages"}],"about":[{"href":"https:\/\/au-naturel.org\/index.php\/wp-json\/wp\/v2\/types\/page"}],"author":[{"embeddable":true,"href":"https:\/\/au-naturel.org\/index.php\/wp-json\/wp\/v2\/users\/1"}],"replies":[{"embeddable":true,"href":"https:\/\/au-naturel.org\/index.php\/wp-json\/wp\/v2\/comments?post=43"}],"version-history":[{"count":17,"href":"https:\/\/au-naturel.org\/index.php\/wp-json\/wp\/v2\/pages\/43\/revisions"}],"predecessor-version":[{"id":1159,"href":"https:\/\/au-naturel.org\/index.php\/wp-json\/wp\/v2\/pages\/43\/revisions\/1159"}],"wp:attachment":[{"href":"https:\/\/au-naturel.org\/index.php\/wp-json\/wp\/v2\/media?parent=43"}],"curies":[{"name":"wp","href":"https:\/\/api.w.org\/{rel}","templated":true}]}}