{"id":760,"date":"2025-03-05T09:24:58","date_gmt":"2025-03-05T08:24:58","guid":{"rendered":"https:\/\/au-naturel.org\/?page_id=760"},"modified":"2025-09-05T08:08:15","modified_gmt":"2025-09-05T06:08:15","slug":"seances-tarifs","status":"publish","type":"page","link":"https:\/\/au-naturel.org\/index.php\/seances-tarifs\/","title":{"rendered":"S\u00e9ances &#038; Tarifs"},"content":{"rendered":"<style id=\"sp_tab_dynamic_style1146\">#sp-tabpro-wrapper_1146.sp-tab__lay-default .sp-tab__tab-content {width: 100%;}#sp-tabpro-wrapper_1146 .animated {-webkit-animation-duration: 500ms;animation-duration: 500ms;}#sp-wp-tabs-wrapper_1146 .sp-tab__nav {justify-content: start;}#sp-wp-tabs-wrapper_1146.sp-tab__lay-default.sp-tab__horizontal-bottom {display: flex;flex-direction: column-reverse;}#sp-wp-tabs-wrapper_1146.sp-tab__lay-default.sp-tab__horizontal-bottom > ul {border-top: 1px solid #cccccc;border-bottom: 0;margin-top: 0;}#sp-wp-tabs-wrapper_1146.sp-tab__lay-default.sp-tab__horizontal-bottom > ul > li .sp-tab__nav-link.sp-tab__active {border-color: transparent #cccccc#cccccc;margin-top: -1px;}#sp-wp-tabs-wrapper_1146.sp-tab__lay-default.sp-tab__horizontal-bottom > ul > li .sp-tab__nav-link,#sp-wp-tabs-wrapper_1146.sp-tab__lay-default.sp-tab__horizontal-bottom > ul > li a,#sp-wp-tabs-wrapper_1146.sp-tab__lay-default.sp-tab__horizontal-bottom > ul > .sp-tab__nav-item {border-top: 0;border-top-left-radius: 0;border-top-right-radius: 0;border-bottom-left-radius: 2px;border-bottom-right-radius: 2px;}#sp-wp-tabs-wrapper_1146.sp-tab__lay-default.sp-tab__horizontal-bottom > ul {border-bottom: none;}#sp-wp-tabs-wrapper_1146.sp-tab__lay-default.sp-tab__horizontal-bottom .sp-tab__tab-content .sp-tab__tab-pane {border-top: 1px solid #cccccc;border-bottom: 0;}#sp-wp-tabs-wrapper_1146.sp-tab__lay-default .sp-tab__tab-content .sp-tab-content > ul,#sp-wp-tabs-wrapper_1146.sp-tab__lay-default .sp-tab__tab-content .sp-tab-content > ol {border-bottom: none;}#sp-wp-tabs-wrapper_1146 > .sp-tab__nav-tabs .sp-tab__nav-link.sp-tab__active .sp-tab__tab_title,#sp-wp-tabs-wrapper_1146.sp-tab__lay-default .sp-tab__nav-link > .sp-tab__card-header {color: #444;}#sp-wp-tabs-wrapper_1146 .sp-tab__nav-tabs .sp-tab__nav-item.show .sp-tab__nav-link,#sp-wp-tabs-wrapper_1146.sp-tab__lay-default ul li .sp-tab__nav-link.sp-tab__active {border-color: #cccccc#cccccc transparent;}#sp-wp-tabs-wrapper_1146.sp-tab__lay-default > ul > li > .sp-tab__nav-link,#sp-wp-tabs-wrapper_1146.sp-tab__lay-default > ul > li > a {cursor: pointer;border-color: #cccccc;padding-top: 15px;padding-right: 15px;padding-bottom: 15px;padding-left: 15px;}#sp-wp-tabs-wrapper_1146 > .sp-tab__nav-tabs .sp-tab__nav-link {border: 1px solid #cccccc;height: 100%;}#sp-wp-tabs-wrapper_1146.sp-tab__lay-default > ul > li .sp-tab__nav-link,#sp-wp-tabs-wrapper_1146.sp-tab__lay-default > ul > li a,#sp-wp-tabs-wrapper_1146.sp-tab__lay-default > ul > .sp-tab__nav-item {border-top-left-radius: 2px;border-top-right-radius: 2px;}#sp-wp-tabs-wrapper_1146 .sp-tab__nav-tabs .sp-tab__nav-item {margin-bottom: -1px; }#sp-wp-tabs-wrapper_1146.sp-tab__lay-default > ul .sp-tab__nav-item {margin-right: 10px;margin-top: 5px;}#sp-wp-tabs-wrapper_1146.sp-tab__lay-default.sp-tab__horizontal-bottom > ul .sp-tab__nav-item {margin-right: 10px;margin-top: 0;}#sp-wp-tabs-wrapper_1146.sp-tab__lay-default > ul .sp-tab__nav-item .sp-tab__nav-link:hover .sp-tab__tab_title,#sp-wp-tabs-wrapper_1146.sp-tab__lay-default > ul .sp-tab__nav-item a:hover .sp-tab__tab_title,#sp-wp-tabs-wrapper_1146.sp-tab__lay-default .sp-tab__nav-link.collapsed .sp-tab__card-header:hover {color: #444;transition: .3s;}#sp-wp-tabs-wrapper_1146.sp-tab__lay-default > ul .sp-tab__nav-item,#sp-wp-tabs-wrapper_1146.sp-tab__lay-default .sp-tab__nav-link.collapsed > .sp-tab__card-header {background-color: #eee;transition: 0.3s;}#sp-wp-tabs-wrapper_1146 > .sp-tab__nav-tabs > .sp-tab__nav-item.show .sp-tab__nav-link,#sp-wp-tabs-wrapper_1146 > .sp-tab__nav-tabs > .sp-tab__nav-item .sp-tab__nav-link.sp-tab__active,#sp-wp-tabs-wrapper_1146.sp-tab__lay-default .sp-tab__nav-link > .sp-tab__card-header {background-color: #fff;}#sp-tabs-wrapper_1146.sp-tab__lay-default > ul .sp-tab__nav-item .sp-tab__nav-link:not(.sp-tab__active):hover,#sp-tabs-wrapper_1146.sp-tab__lay-default .sp-tab__tab-content > .sp-tab__tab-pane .sp-tab__card-header:hover {background-color: #fff;}#sp-wp-tabs-wrapper_1146.sp-tab__lay-default > ul .sp-tab__nav-item:not(.sp-tab__active):hover,#sp-wp-tabs-wrapper_1146.sp-tab__lay-default .sp-tab__nav-link.collapsed > .sp-tab__card-header:hover {background-color: #fff;}#sp-wp-tabs-wrapper_1146.sp-tab__lay-default > ul .sp-tab__nav-item:last-child {margin-right: 0;}#sp-wp-tabs-wrapper_1146.sp-tab__lay-default > .sp-tab__tab-content .sp-tab__tab-pane {border: 1px solid #cccccc;padding-top: 20px;padding-right: 20px;padding-bottom: 20px;padding-left: 20px;border-top: 0px;background-color: #ffffff;}#sp-wp-tabs-wrapper_1146.sp-tab__lay-default > ul {border-bottom: 1px solid #cccccc;}@media(max-width:480px) {#sp-wp-tabs-wrapper_1146.sp-tab__lay-default > ul li.sp-tab__nav-item {width: 100%;margin-right: 0px;}#sp-wp-tabs-wrapper_1146.sp-tab__lay-default > ul li.sp-tab__nav-item:last-child {margin-bottom: -1px;}}#poststuff h2.sp-tab__section_title_1146, h2.sp-tab__section_title_1146 ,.editor-styles-wrapper .wp-block h2.sp-tab__section_title_1146{margin-bottom: 30px !important;font-weight: 600;font-style: normal;font-size: 28px;line-height: 28px;letter-spacing: 0px;padding: 0;color: #444444;}#sp-wp-tabs-wrapper_1146.sp-tab__lay-default > ul .sp-tab__nav-item .sp-tab__tab_title,#sp-wp-tabs-wrapper_1146.sp-tab__lay-default span > .sp-tab__card-header {font-weight: 600;font-style: normal;font-size: 16px;line-height: 22px;letter-spacing: 0px;color: #444;margin: 0px;}#sp-wp-tabs-wrapper_1146.sp-tab__lay-default > .sp-tab__tab-content .sp-tab__tab-pane,#sp-wp-tabs-wrapper_1146.sp-tab__lay-default > .sp-tab__tab-content .sp-tab__tab-pane p {font-weight: 400;font-style: normal;font-size: 16px;line-height: 24px;letter-spacing: 0px;color: #444;}#sp-wp-tabs-wrapper_1146.sp-tab__lay-default > .sp-tab__tab-content .sp-tab__tab-pane ul li a, #sp-wp-tabs-wrapper_1146.sp-tab__lay-default .sp-tab__tab-content .sp-tab__tab-pane ol li a {color: #444;}<\/style>\t<h2 class=\"sp-tab__section_title_1146\"> S\u00e9ance &#038; tarifs<\/h2>\n\t\t\t<div id=\"sp-wp-tabs-wrapper_1146\" class=\"sp-tab__lay-default\" data-preloader=\"1\" data-activemode=\"tabs-activator-event-click\">\n\t\t\t<div class=\"sp-tab__preloader\">\n\t\t<div class=\"sp-tab__spinner\">\n\t\t\t<div class=\"rect1\"><\/div>\n\t\t\t<div class=\"rect2\"><\/div>\n\t\t\t<div class=\"rect3\"><\/div>\n\t\t\t<div class=\"rect4\"><\/div>\n\t\t\t<div class=\"rect5\"><\/div>\n\t\t<\/div>\n\t<\/div>\n\t<ul class=\"sp-tab__nav sp-tab__nav-tabs\" id=\"sp-tab__ul\" role=\"tablist\">\n\t\t\t\t<li class=\"sp-tab__nav-item\" role=\"presentation\">\n\t\t\t\t<span class=\"sp-tab__nav-link sp-tab__active\" data-sptoggle=\"tab\" for=\"#tab-11461\" role=\"tab\" aria-controls=tab-11461 aria-selected=true tabindex=0>\n\t\t\t\t\t<span class=\"tab_title_area\"><H4 class=\"sp-tab__tab_title\">S\u00e9ances<\/H4><\/span>\n\t\t\t\t<\/span>\n\t\t\t<\/li>\n\t\t\t\t\t\t<li class=\"sp-tab__nav-item\" role=\"presentation\">\n\t\t\t\t<span class=\"sp-tab__nav-link\" data-sptoggle=\"tab\" for=\"#tab-11462\" role=\"tab\" aria-controls=tab-11462 aria-selected=true tabindex=0>\n\t\t\t\t\t<span class=\"tab_title_area\"><H4 class=\"sp-tab__tab_title\">Tarifs<\/H4><\/span>\n\t\t\t\t<\/span>\n\t\t\t<\/li>\n\t\t\t<\/ul>\n<div class=\"sp-tab__tab-content\">\n\t\t\t\t<div id=\"tab-11461\" class=\"sp-tab__tab-pane sp-tab__show sp-tab__active\" role=\"tabpanel\">\n\t\t\t\t\t<div class=\"sp-tab-content animated fadeIn\"><p>Je mets en place un accompagnement global et personnalis\u00e9, ax\u00e9 sur vos besoins sp\u00e9cifiques et vos objectifs de bien-\u00eatre. Chaque s\u00e9ance est con\u00e7ue dans un esprit bienveillant et sans jugement, pour vous aider \u00e0 atteindre vos objectifs de mani\u00e8re durable.<\/p>\n<p data-start=\"908\" data-end=\"1096\">\ud83c\udf3f <strong data-start=\"911\" data-end=\"1094\">Je crois que pour vivre longtemps et en bonne forme, il faut revenir aux fondamentaux naturels : bien se nourrir, bien bouger et entretenir son corps pour qu\u2019il reste fonctionnel.<br \/>\n<\/strong><\/p>\n<p data-start=\"908\" data-end=\"1096\">C\u2019est dans cet esprit que je vous accompagne, en vous proposant des solutions naturelles et adapt\u00e9es \u00e0 votre mode de vie.<\/p>\n<p>Lors de nos rendez-vous, mon r\u00f4le est de vous guider en tenant compte de votre \u00e9tat de forme, de votre personnalit\u00e9 et de vos besoins sp\u00e9cifiques.<\/p>\n<h4 class=\"haut-3\">Les solutions que je vous propose<\/h4>\n<p>\u2022 Un r\u00e9\u00e9quilibrage alimentaire<br \/>\n\u2022 Un suivi alimentaire<br \/>\n\u2022 Des conseils en nutrition et en micronutrition<br \/>\n\u2022 Des conseils en compl\u00e9ments alimentaires<br \/>\n\u2022 Des programmes sportifs<br \/>\n\u2022 Des s\u00e9ances de sport accompagn\u00e9es<\/p>\n<p>Nous discutons ensemble des solutions qui vous conviennent, et vous choisissez celles qui vous correspondent le mieux.<\/p>\n<h4 class=\"haut-3\">Rendez-vous Nutrition - R\u00e9\u00e9quilibrage alimentaire et objectifs sp\u00e9cifiques<\/h4>\n<p>Que vous souhaitiez perdre du poids, prendre de la masse, s\u00e9cher, vous remettre en forme, ou vous pr\u00e9parer \u00e0 une course, je vous accompagne \u00e0 travers :<br \/>\n\u2714 Un r\u00e9\u00e9quilibrage alimentaire adapt\u00e9<br \/>\n\u2714 Des conseils en micronutrition<br \/>\n\u2714 Des strat\u00e9gies personnalis\u00e9es<\/p>\n<h4 class=\"haut-3\">S\u00e9ance Coaching Sportif &amp; Nutrition \u2013 Une approche compl\u00e8te<\/h4>\n<p><b>Un accompagnement complet et adapt\u00e9 \u00e0 votre niveau :<\/b><br \/>\nAssocier un suivi nutritionnel \u00e0 un programme de renforcement musculaire permet d\u2019obtenir des r\u00e9sultats optimaux, que ce soit pour :<br \/>\n\u2714 Perdre du poids<br \/>\n\u2714 Prendre de la masse<br \/>\n\u2714 Se remettre en forme<br \/>\n\u2714 Am\u00e9liorer ses performances<\/p>\n<p><b>Je vous propose une approche personnalis\u00e9e combinant :<\/b><br \/>\n\u2714 Un suivi nutritionnel personnalis\u00e9, pour une alimentation adapt\u00e9e \u00e0 vos objectifs<br \/>\n\u2714 Un plan d\u2019entra\u00eenement structur\u00e9, con\u00e7u selon votre niveau et votre environnement (salle ou domicile)<br \/>\n\u2714 Un suivi sportif, pour progresser efficacement et atteindre vos objectifs<br \/>\n\u2714 Des conseils sur la r\u00e9cup\u00e9ration, la progression et la motivation<\/p>\n<p><b>Deux options selon votre pr\u00e9f\u00e9rence :<\/b><br \/>\n\u2022 <b>Un programme en autonomie<\/b> : Pour les pratiquants ayant d\u00e9j\u00e0 des bases et souhaitant un cadre structur\u00e9 \u00e0 suivre en toute ind\u00e9pendance. Vous recevez un plan d\u2019entra\u00eenement d\u00e9taill\u00e9, adapt\u00e9 \u00e0 votre niveau et \u00e0 votre mat\u00e9riel disponible (dans votre salle de sport ou \u00e0 la maison).<br \/>\n\u2022 <b>Des s\u00e9ances encadr\u00e9es<\/b> : Pour les d\u00e9butants ou personnes qui souhaitent \u00eatre accompagn\u00e9es pendant leur entra\u00eenement, afin d'apprendre les bons gestes et d'\u00eatre guid\u00e9s dans leur progression.<\/p>\n<h4 class=\"haut-3\">Coaching Sportif \u00e0 domicile (sur Saint Maur) \u2013 Id\u00e9al pour D\u00e9butants et Reprise d\u2019Activit\u00e9<\/h4>\n<p>Je propose des s\u00e9ances de coaching individuel adapt\u00e9es aux personnes d\u00e9butantes, s\u00e9dentaires ou en reprise d\u2019activit\u00e9 physique.<br \/>\nCes s\u00e9ances permettent de (re)prendre confiance en soi, de renforcer son corps en douceur et d'apprendre les bons gestes avant de s\u2019entra\u00eener en autonomie.<\/p>\n<p>\ud83d\udee0 Mat\u00e9riel disponible : halt\u00e8res l\u00e9g\u00e8res, \u00e9lastiques, exercices au poids du corps.<br \/>\n\ud83c\udfaf Objectif : un renforcement musculaire progressif et adapt\u00e9, sans machines ni charges lourdes.<br \/>\n\ud83d\udccc Ces s\u00e9ances peuvent \u00eatre combin\u00e9es \u00e0 un suivi nutritionnel pour un accompagnement complet.<\/p>\n<p>&nbsp;<\/p>\n<p>\ud83d\udcac Pour tout renseignement, <a class=\"vert\" href=\"https:\/\/au-naturel.org\/index.php\/contact\/\">contactez-moi<\/a> pour un \u00e9change afin de d\u00e9finir ensemble l\u2019accompagnement le plus adapt\u00e9 \u00e0 vos besoins.<\/p>\n<p>\ud83c\udf3f <strong>Revenons \u00e0 notre nature<\/strong><\/p>\n<\/div>\n\t\t\t\t<\/div>\n\t\t\t\t\t\t\t\t<div id=\"tab-11462\" class=\"sp-tab__tab-pane \" role=\"tabpanel\">\n\t\t\t\t\t<div class=\"sp-tab-content animated fadeIn\"><p>\ud83d\udccc <strong>Pourquoi choisir un pack ?<\/strong> Les packs permettent un <b>suivi continu \u00e0 des tarifs pr\u00e9f\u00e9rentiels<\/b>. Vous b\u00e9n\u00e9ficiez d\u2019un accompagnement r\u00e9gulier, avec des ajustements adapt\u00e9s \u00e0 votre progression. Pour obtenir des <strong>r\u00e9sultats optimaux et durables, le suivi est essentiel<\/strong>. Il permet d\u2019analyser vos avanc\u00e9es, d\u2019adapter votre plan en fonction de vos besoins et de maintenir votre motivation sur le long terme.<\/p>\n<p>\ud83d\udcac Vous h\u00e9sitez sur la formule qui vous convient ? <a class=\"vert\" href=\"https:\/\/au-naturel.org\/index.php\/contact\/\">Contactez-moi<\/a> pour un \u00e9change afin de d\u00e9finir ensemble l\u2019accompagnement le plus adapt\u00e9 \u00e0 vos besoins.<\/p>\n<h4 class=\"haut-3\">Rendez-vous Nutrition<\/h4>\n<table>\n<thead>\n<tr>\n<th width=\"264\">Prestation<\/th>\n<th width=\"138\">Tarif Unitaire<\/th>\n<th width=\"138\">Tarif Pack<\/th>\n<\/tr>\n<\/thead>\n<tbody>\n<tr>\n<td width=\"264\">Bilan nutritionnel initial<\/td>\n<td width=\"138\">90 \u20ac<\/td>\n<td width=\"138\">-<\/td>\n<\/tr>\n<tr>\n<td width=\"264\">Consultation de suivi nutritionnel<\/td>\n<td width=\"138\">70 \u20ac<\/td>\n<td width=\"138\">-<\/td>\n<\/tr>\n<tr class=\"pack-offer\">\n<td width=\"264\"><strong>Starter Pack Nutrition 3 mois<br \/>\n<\/strong>(bilan \u00e0 80 \u20ac + 2 suivis \u00e0 67 \u20ac)<strong><br \/>\n<\/strong><\/td>\n<td width=\"138\">-<\/td>\n<td width=\"138\"><strong>214 \u20ac<\/strong><\/td>\n<\/tr>\n<tr>\n<td width=\"264\">Starter Pack Nutrition 6 mois<br \/>\n(bilan \u00e0 80 \u20ac + 5 suivis \u00e0 65 \u20ac)<\/td>\n<td width=\"138\">-<\/td>\n<td width=\"138\">405 \u20ac<\/td>\n<\/tr>\n<tr class=\"pack-offer\">\n<td width=\"264\"><strong>Pack Suivi Nutrition 3 mois<\/strong><br \/>\n(67 \u20ac\/s\u00e9ance)<strong><br \/>\n<\/strong><\/td>\n<td width=\"138\">-<\/td>\n<td width=\"138\"><strong>201 \u20ac<\/strong><\/td>\n<\/tr>\n<tr>\n<td width=\"264\">Pack Suivi Nutrition 6 mois<br \/>\n(65 \u20ac\/s\u00e9ance)<\/td>\n<td width=\"138\">-<\/td>\n<td width=\"138\">390 \u20ac<\/td>\n<\/tr>\n<tr>\n<td width=\"264\">Carte de 10 Suivis Flexibles<br \/>\n(60 \u20ac\/s\u00e9ance)<\/td>\n<td width=\"138\">-<\/td>\n<td width=\"138\">600 \u20ac<\/td>\n<\/tr>\n<\/tbody>\n<\/table>\n<p class=\"haut-2\">\ud83d\udc49 <b>Choix recommand\u00e9<\/b> : Un Pack <b>Nutrition 3 mois<\/b> vous permet d\u2019obtenir un suivi r\u00e9gulier tout en optimisant votre investissement. Il constitue un excellent compromis pour un r\u00e9sultat durable \u00e0 un tarif avantageux. Les packs sont con\u00e7us pour vous offrir un suivi r\u00e9gulier et une efficacit\u00e9 optimale. <strong>Les packs 3 mois sont les plus populaires<\/strong> et constituent un excellent compromis entre qualit\u00e9 et co\u00fbt.<\/p>\n<h4 class=\"haut-3\">Coaching sportif individuel<\/h4>\n<table>\n<thead>\n<tr>\n<th width=\"264\">Prestation<\/th>\n<th width=\"138\">Tarif Unitaire<\/th>\n<th width=\"138\">Tarif Pack<\/th>\n<\/tr>\n<\/thead>\n<tbody>\n<tr>\n<td width=\"264\">S\u00e9ance de coaching individuel (45 min - 1h)<\/td>\n<td width=\"138\">50 \u20ac<\/td>\n<td width=\"138\">-<\/td>\n<\/tr>\n<tr class=\"pack-offer\">\n<td width=\"264\"><strong>Pack 5 s\u00e9ances <\/strong>(46 \u20ac\/s\u00e9ance)<strong><br \/>\n<\/strong><\/td>\n<td width=\"138\">-<\/td>\n<td width=\"138\"><strong>230 \u20ac<\/strong><strong><br \/>\n<\/strong><\/td>\n<\/tr>\n<tr>\n<td width=\"264\">Pack 10 s\u00e9ances (45 \u20ac\/s\u00e9ance)<\/td>\n<td width=\"138\">-<\/td>\n<td width=\"138\">450 \u20ac<\/td>\n<\/tr>\n<\/tbody>\n<\/table>\n<p class=\"haut-2\">\ud83d\udc49 <b>Choix recommand\u00e9<\/b> : Le <b>Pack 5 s\u00e9ances<\/b> est le meilleur compromis pour ceux qui souhaitent un suivi progressif tout en b\u00e9n\u00e9ficiant d'un tarif r\u00e9duit pour plusieurs s\u00e9ances. Les s\u00e9ances permettent ainsi de <strong>progresser \u00e0 votre rythme avec un accompagnement r\u00e9gulier<\/strong> et des exercices adapt\u00e9s \u00e0 votre niveau.<\/p>\n<h4 class=\"haut-3\">Rendez-vous Coaching sportif + nutrition<\/h4>\n<table>\n<thead>\n<tr>\n<th width=\"264\">Prestation<\/th>\n<th width=\"138\">Tarif Unitaire<\/th>\n<th width=\"138\">Tarif Pack<\/th>\n<\/tr>\n<\/thead>\n<tbody>\n<tr>\n<td width=\"264\">Plan d'Entra\u00eenement seul<\/td>\n<td width=\"138\">60 \u20ac<\/td>\n<td width=\"138\">-<\/td>\n<\/tr>\n<tr>\n<td width=\"264\">Bilan Nutrition + Plan d'Entra\u00eenement<\/td>\n<td width=\"138\">140 \u20ac<\/td>\n<td width=\"138\">-<\/td>\n<\/tr>\n<tr class=\"pack-offer\">\n<td width=\"264\"><strong>Pack Nutrition + Plan d'Entra\u00eenement 3 mois<\/strong><br \/>\n(Bilan nutrition + plan d'entra\u00eenement + 2 suivis)<\/td>\n<td width=\"138\">-<\/td>\n<td width=\"138\"><strong>280 \u20ac<\/strong><\/td>\n<\/tr>\n<tr>\n<td width=\"264\">Pack Nutrition + Plan d'Entra\u00eenement 6 mois<br \/>\n(Bilan nutrition + plan d'entra\u00eenement + 5 suivis)<\/td>\n<td width=\"138\">-<\/td>\n<td width=\"138\">480 \u20ac<\/td>\n<\/tr>\n<tr class=\"pack-offer\">\n<td width=\"264\"><strong>Pack Nutrition + Coaching individuel 3 mois<\/strong><br \/>\n(Bilan nutrition + 2 suivis + 3 s\u00e9ances coaching)<\/td>\n<td width=\"138\">-<\/td>\n<td width=\"138\"><strong>350 \u20ac<\/strong><\/td>\n<\/tr>\n<tr>\n<td width=\"264\">Pack Nutrition + Coaching individuel 6 mois<br \/>\n(Bilan nutrition + 5 suivis + 6 s\u00e9ances coaching)<\/td>\n<td width=\"138\">-<\/td>\n<td width=\"138\">620 \u20ac<\/td>\n<\/tr>\n<\/tbody>\n<\/table>\n<p class=\"haut-2\">\ud83d\udc49 <b>Choix recommand\u00e9<\/b> : Un <b>Pack sur 3 mois<\/b> est un excellent choix pour avoir un suivi complet sur la nutrition et le sport tout en restant dans un cadre temporel adapt\u00e9 et \u00e0 prix raisonnable.<\/p>\n<p class=\"haut-2\">\ud83d\udccc Les packs permettent <strong>un suivi optimis\u00e9, avec des ajustements r\u00e9guliers pour adapter votre alimentation et votre entra\u00eenement \u00e0 votre progression<\/strong>.Opter pour un pack de coaching sportif et nutrition, c\u2019est choisir un <strong>accompagnement durable et personnalis\u00e9<\/strong>. Un suivi r\u00e9gulier permet non seulement d\u2019adapter les programmes en fonction de vos progr\u00e8s, mais aussi de maintenir votre motivation et d\u2019assurer des r\u00e9sultats durables.<\/p>\n<p>Les packs offrent l\u2019avantage d\u2019<strong>un suivi continu, o\u00f9 chaque s\u00e9ance et chaque conseil sont ajust\u00e9s \u00e0 vos besoins et \u00e0 votre \u00e9volution<\/strong>. Ce processus permet d\u2019<strong>optimiser votre progression,<\/strong> qu\u2019il s\u2019agisse de perte de poids, de prise de masse, de remise en forme ou d\u2019am\u00e9lioration des performances. De plus, gr\u00e2ce \u00e0 des ajustements r\u00e9guliers, vous \u00e9vitez les plateaux et continuez \u00e0 progresser de mani\u00e8re constante.<\/p>\n<p>En choisissant un pack, vous b\u00e9n\u00e9ficiez \u00e9galement d\u2019<strong>un tarif pr\u00e9f\u00e9rentiel pour un engagement \u00e0 long terme<\/strong>, ce qui vous permet de maximiser les b\u00e9n\u00e9fices de votre accompagnement tout en restant dans un budget ma\u00eetris\u00e9.<\/p>\n<p class=\"haut-2\">\ud83d\udcc5 Pr\u00eat(e) \u00e0 commencer ? <a class=\"vert\" href=\"https:\/\/au-naturel.org\/index.php\/contact\/\">Contactez-moi<\/a><\/p>\n<p class=\"haut-3\"><strong><br \/>\n\ud83c\udf3f Revenons \u00e0 notre nature<\/strong><\/p>\n<\/div>\n\t\t\t\t<\/div>\n\t\t\t\t<\/div>\n\t\t<\/div>\n\t\t\n","protected":false},"excerpt":{"rendered":" <a class=\"more-link\" href=\"https:\/\/au-naturel.org\/index.php\/seances-tarifs\/\">Lire plus<\/a>","protected":false},"author":2,"featured_media":0,"parent":0,"menu_order":0,"comment_status":"closed","ping_status":"closed","template":"","meta":{"footnotes":""},"class_list":["post-760","page","type-page","status-publish","hentry"],"_links":{"self":[{"href":"https:\/\/au-naturel.org\/index.php\/wp-json\/wp\/v2\/pages\/760","targetHints":{"allow":["GET"]}}],"collection":[{"href":"https:\/\/au-naturel.org\/index.php\/wp-json\/wp\/v2\/pages"}],"about":[{"href":"https:\/\/au-naturel.org\/index.php\/wp-json\/wp\/v2\/types\/page"}],"author":[{"embeddable":true,"href":"https:\/\/au-naturel.org\/index.php\/wp-json\/wp\/v2\/users\/2"}],"replies":[{"embeddable":true,"href":"https:\/\/au-naturel.org\/index.php\/wp-json\/wp\/v2\/comments?post=760"}],"version-history":[{"count":4,"href":"https:\/\/au-naturel.org\/index.php\/wp-json\/wp\/v2\/pages\/760\/revisions"}],"predecessor-version":[{"id":1147,"href":"https:\/\/au-naturel.org\/index.php\/wp-json\/wp\/v2\/pages\/760\/revisions\/1147"}],"wp:attachment":[{"href":"https:\/\/au-naturel.org\/index.php\/wp-json\/wp\/v2\/media?parent=760"}],"curies":[{"name":"wp","href":"https:\/\/api.w.org\/{rel}","templated":true}]}}