{"id":806,"date":"2025-03-05T12:29:31","date_gmt":"2025-03-05T11:29:31","guid":{"rendered":"https:\/\/au-naturel.org\/?page_id=806"},"modified":"2025-05-08T17:16:11","modified_gmt":"2025-05-08T15:16:11","slug":"mes-livres","status":"publish","type":"page","link":"https:\/\/au-naturel.org\/index.php\/mes-livres\/","title":{"rendered":"Mes livres"},"content":{"rendered":"<p>D\u00e9couvrez les ouvrages dans lesquels je partage mon expertise et mes exp\u00e9riences sur la nutrition, le sport et bien d&#8217;autres sujets.<\/p>\n\n<h4 class=\"wp-block-heading haut-4\">\ud83d\udcd5 <strong>Pal\u00e9ovore &amp; Sportif : Une alimentation 100% naturelle et 100% sport<\/strong><\/h4>\n<p class=\"haut-2\"><strong>\ud83d\udccc Cat\u00e9gorie : Nutrition &amp; Sport \ud83c\udfc3\u200d\u2642\ufe0f\ud83e\udd57<\/strong><\/p>\n<p>\ud83c\udff7 <strong><a class=\"vert\" href=\"https:\/\/www.amazon.fr\/Pal\u00e9ovore-sportif-alimentation-naturelle-sport\/dp\/2317016425\/ref=sr_1_4?__mk_fr_FR=\u00c5M\u00c5\u017d\u00d5\u00d1&amp;crid=1CT6MV3FNPIPB&amp;dib=eyJ2IjoiMSJ9.ckN8sryuPelC_-woq1G4FQNvXV2F3XQW72FGuI4YUX7FHj9rwwA12n-QAPIPUSJ1.5QjT8dVYe4fjLp1cM2OaMOMLNplgTcZdxQx_WYJiumw&amp;dib_tag=se&amp;keywords=sandrine+mazzucco&amp;qid=1741173934&amp;sprefix=sandrine+mazzucco%2Caps%2C95&amp;sr=8-4\" target=\"_blank\" rel=\"noopener\" data-type=\"link\" data-id=\"https:\/\/www.amazon.fr\/Pal\u00e9ovore-sportif-alimentation-naturelle-sport\/dp\/2317016425\/ref=sr_1_4?__mk_fr_FR=\u00c5M\u00c5\u017d\u00d5\u00d1&amp;crid=1CT6MV3FNPIPB&amp;dib=eyJ2IjoiMSJ9.ckN8sryuPelC_-woq1G4FQNvXV2F3XQW72FGuI4YUX7FHj9rwwA12n-QAPIPUSJ1.5QjT8dVYe4fjLp1cM2OaMOMLNplgTcZdxQx_WYJiumw&amp;dib_tag=se&amp;keywords=sandrine+mazzucco&amp;qid=1741173934&amp;sprefix=sandrine+mazzucco%2Caps%2C95&amp;sr=8-4\">Acheter ici<\/a><\/strong><\/p>\n\n\n<p class=\"haut-2\"><strong>R\u00e9sum\u00e9 :<\/strong><br>Le r\u00e9gime pal\u00e9o et la pratique sportive sont compatibles, et m\u00eame compl\u00e9mentaires ! En adoptant une alimentation <strong>100% naturelle<\/strong>, vous optimisez vos performances : plus d\u2019\u00e9nergie, une meilleure r\u00e9cup\u00e9ration, un sommeil de qualit\u00e9\u2026 bref, <strong>des r\u00e9sultats dignes des pros<\/strong>.<br>Que vous soyez d\u00e9j\u00e0 adepte du pal\u00e9o ou que vous souhaitiez vous y initier, ce guide vous accompagne dans l\u2019adaptation de votre alimentation <strong>avant, pendant et apr\u00e8s l\u2019effort<\/strong>. Vous y trouverez des explications claires, des conseils pratiques et des recettes adapt\u00e9es \u00e0 votre activit\u00e9 sportive.<\/p>\n\n\n<h4 class=\"wp-block-heading haut-4\">\ud83d\udcd5 <strong>Perdez du gras sans compter vos calories<\/strong><\/h4>\n<p class=\"haut-2\">\ud83d\udccc <strong>Cat\u00e9gorie :<\/strong> <strong>Nutrition &amp; Perte de Masse Grasse<\/strong> \ud83c\udfcb\ufe0f\u200d\u2640\ufe0f\ud83e\udd57<\/p>\n<p>\ud83c\udff7 <strong><a class=\"vert\" target=\"_blank\" href=\"https:\/\/www.amazon.fr\/Perdez-gras-sans-compter-calories\/dp\/B09FRZZVY9\/ref=sr_1_2?__mk_fr_FR=%C3%85M%C3%85%C5%BD%C3%95%C3%91&amp;crid=1CT6MV3FNPIPB&amp;dib=eyJ2IjoiMSJ9.ckN8sryuPelC_-woq1G4FQNvXV2F3XQW72FGuI4YUX7FHj9rwwA12n-QAPIPUSJ1.5QjT8dVYe4fjLp1cM2OaMOMLNplgTcZdxQx_WYJiumw&amp;dib_tag=se&amp;keywords=sandrine+mazzucco&amp;qid=1741173934&amp;sprefix=sandrine+mazzucco%2Caps%2C95&amp;sr=8-2&amp;ufe=app_do%3Aamzn1.fos.bb6ea7e0-0ef7-4fc8-9adc-4bf1477881dd\">Acheter ici<\/a><\/strong><\/p>\n\n\n<p class=\"haut-2\"><strong>R\u00e9sum\u00e9 :<\/strong><br><strong>Perdre de la masse grasse sans compter ses calories, c\u2019est possible !<\/strong><br>Les donn\u00e9es de r\u00e9f\u00e9rence utilis\u00e9es pour le comptage des calories (\u00e9tiquetage alimentaire, estimation des d\u00e9penses \u00e9nerg\u00e9tiques) sont souvent <strong>impr\u00e9cises<\/strong>. D\u2019approximation en approximation, ces calculs peuvent mener \u00e0 des r\u00e9sultats \u00e9loign\u00e9s de la r\u00e9alit\u00e9. Ce livre ne remet pas en question la balance \u00e9nerg\u00e9tique, mais d\u00e9montre que <strong>compter les calories est imparfait et insuffisant<\/strong> pour obtenir une perte de gras durable.<\/p>\n\n\n\n<p><strong>L\u2019approche propos\u00e9e<\/strong> : se concentrer sur la <strong>qualit\u00e9 des aliments plut\u00f4t que sur leur quantit\u00e9<\/strong>. Gr\u00e2ce \u00e0 une m\u00e9thode appuy\u00e9e par des \u00e9tudes scientifiques, vous apprendrez \u00e0 :<br>\u2714 Faire des choix alimentaires strat\u00e9giques sans peser chaque portion<br>\u2714 Atteindre vos objectifs de perte de gras <strong>sans frustration<\/strong><br>\u2714 Stabiliser vos r\u00e9sultats sur le long terme<\/p>\n\n\n\n<p>Ce guide est destin\u00e9 \u00e0 <strong>toutes les personnes souhaitant perdre du gras<\/strong> de mani\u00e8re efficace, sans obsession du comptage calorique.<\/p>\n\n\n\n<p><h4 class=\"wp-block-heading haut-4\">\ud83d\udcd5 <strong>Petit trait\u00e9 illustr\u00e9 du ravitaillement en course \u00e0 pied longue dur\u00e9e<\/strong><\/h4><\/p>\n\n\n\n<p class=\"haut-2\">\ud83d\udccc <strong>Cat\u00e9gorie : Nutrition &amp; Endurance \ud83c\udfc3\u200d\u2642\ufe0f\ud83e\udd57<\/strong><\/p>\n\n\n\n<p>\ud83c\udff7 <strong><a class=\"vert\" target=\"_blank\" href=\"https:\/\/www.amazon.fr\/trait%C3%A9-illustr%C3%A9-ravitaillement-course-longue\/dp\/B0DBYY373B\/ref=sr_1_3?crid=7ZST3FY0UFG&amp;dib=eyJ2IjoiMSJ9.ckN8sryuPelC_-woq1G4FQNvXV2F3XQW72FGuI4YUX7FHj9rwwA12n-QAPIPUSJ1.5QjT8dVYe4fjLp1cM2OaMOMLNplgTcZdxQx_WYJiumw&amp;dib_tag=se&amp;keywords=sandrine+mazzucco&amp;qid=1741175119&amp;sprefix=%2Caps%2C101&amp;sr=8-3\">Acheter ici<\/a><\/strong><\/p>\n\n\n\n<p class=\"haut-2\"><strong>R\u00e9sum\u00e9 :<\/strong><br>Lors des courses de longue dur\u00e9e, <strong>les probl\u00e8mes digestifs sont fr\u00e9quents<\/strong> et peuvent s\u00e9rieusement impacter la performance, allant parfois jusqu\u2019\u00e0 l\u2019abandon. Crampes abdominales, naus\u00e9es, vomissements, diarrh\u00e9es\u2026 Ces troubles touchent entre <strong>37 et 70 % des coureurs<\/strong>, notamment sur les longues distances.<\/p>\n\n\n\n<p><strong>La solution ? Une strat\u00e9gie nutritionnelle et hydrique adapt\u00e9e.<\/strong><br>Ce <strong>mini-guide pratique<\/strong> vous donne des solutions simples, rapides et efficaces pour :<br>\u2714 Pr\u00e9venir les troubles digestifs li\u00e9s \u00e0 l\u2019effort<br>\u2714 \u00c9viter les erreurs alimentaires courantes en course \u00e0 pied<br>\u2714 Optimiser votre ravitaillement et votre hydratation pour performer sans inconfort<\/p>\n\n\n\n<p><strong>Indispensable pour tous les coureurs d\u2019endurance<\/strong>, du marathon au trail longue distance.<\/p>\n\n\n<h4 class=\"wp-block-heading haut-4\">\ud83d\udcd5 <strong>Livre de r\u00e9visions \u00c9co-Gestion : BTS Di\u00e9t\u00e9tique<\/strong><\/h4>\n<p class=\"haut-2\">\ud83d\udccc <strong>Cat\u00e9gorie : R\u00e9visions &amp; Examens \ud83d\udcda\u270f\ufe0f<\/strong><\/p>\n<p>\ud83c\udff7 <strong><a class=\"vert\" href=\"https:\/\/www.amazon.fr\/Livre-r%C3%A9visions-%C3%89co-Gestion-indispensable-d%C3%A9co-gestion-ebook\/dp\/B0DYK2L8FX\/ref=sr_1_1?crid=7ZST3FY0UFG&amp;dib=eyJ2IjoiMSJ9.ckN8sryuPelC_-woq1G4FQNvXV2F3XQW72FGuI4YUX7FHj9rwwA12n-QAPIPUSJ1.5QjT8dVYe4fjLp1cM2OaMOMLNplgTcZdxQx_WYJiumw&amp;dib_tag=se&amp;keywords=sandrine+mazzucco&amp;qid=1741175119&amp;sprefix=%2Caps%2C101&amp;sr=8-1\" target=\"_blan\">Acheter ici<\/a><\/strong><\/p>\n<p><!-- \/wp:post-content --><\/p>\n<p><!-- wp:paragraph --><\/p>\n<p><strong>R\u00e9sum\u00e9 :<\/strong><br \/>L\u2019\u00e9preuve d\u2019\u00e9co-gestion du <strong>BTS Di\u00e9t\u00e9tique<\/strong> est souvent consid\u00e9r\u00e9e comme secondaire, mais bien pr\u00e9par\u00e9e, elle peut \u00eatre une <strong>v\u00e9ritable opportunit\u00e9 pour gagner des points<\/strong>.<\/p>\n<p><!-- \/wp:paragraph --><\/p>\n<p><!-- wp:paragraph --><\/p>\n<p><strong>Pourquoi ce livre ?<\/strong><br \/>\u2714 Une <strong>synth\u00e8se claire et efficace<\/strong> pour apprendre l\u2019essentiel sans perdre de temps<br \/>\u2714 Un <strong>guide structur\u00e9<\/strong> pour r\u00e9viser <strong>rapidement et efficacement<\/strong><br \/>\u2714 Un <strong>atout strat\u00e9gique<\/strong> : \u00e0 partir de 2027, cette mati\u00e8re dispara\u00eetra du programme. Autant capitaliser dessus d\u00e8s maintenant !<\/p>\n<p><!-- \/wp:paragraph --><\/p>\n<p><!-- wp:paragraph --><\/p>\n<p>Ce livre est con\u00e7u pour <strong>optimiser vos r\u00e9visions en un temps record<\/strong>. Car si l\u2019\u00e9co-gestion est importante pour votre r\u00e9ussite, <strong>ce n\u2019est pas le c\u0153ur du m\u00e9tier de di\u00e9t\u00e9ticien\u00b7ne<\/strong>.<\/p>\n<p><!-- \/wp:paragraph --><\/p>\n<p><!-- \/wp:paragraph --><\/p>\n<h4 class=\"wp-block-heading haut-4\">\ud83d\udcd5 <strong>Les dinosaures turbo-p\u00e9teurs \u2013 Le grand prout de l\u2019\u00e9volution \ud83e\udd95\ud83d\udca8 <\/strong><\/h4>\n<p class=\"haut-2\">\ud83d\udccc <strong>Cat\u00e9gorie : Jeunesse &amp; P\u00e9dagogie<\/strong> \ud83d\udc67\ud83d\udd2c<\/p>\n<p>\ud83c\udff7 <a class=\"vert\" href=\"https:\/\/bit.ly\/3RVEnkT\" target=\"_blank\" rel=\"noopener\"><strong>Acheter ici<\/strong><\/a><\/p>\n<p>\ud83d\udcda <a class=\"vert\" href=\"https:\/\/bit.ly\/432Z3fU\" target=\"_blank\" rel=\"noopener\">Feuilleter quelques pages ici<\/a><\/p>\n<p><!-- \/wp:post-content --><\/p>\n<p><!-- wp:paragraph --><\/p>\n<p><strong>R\u00e9sum\u00e9 :<\/strong><\/p>\n<p>Un livre jeunesse dr\u00f4le et instructif qui explore le fonctionnement du syst\u00e8me digestif \u00e0 travers l\u2019\u00e9volution des dinosaures. Ce r\u00e9cit humoristique, illustr\u00e9 avec soin, aborde des questions telles que :<br \/>\u2714 Pourquoi les herbivores produisent-ils plus de gaz que les carnivores ?<br \/>\u2714 Quelle est la diff\u00e9rence entre fermentation et putr\u00e9faction ?<br \/>\u2714 Comment l\u2019alimentation influence-t-elle l\u2019odeur des gaz ?<\/p>\n<p class=\"\" data-start=\"702\" data-end=\"774\">Con\u00e7u pour \u00eatre lu en famille, ce livre permet d\u2019apprendre en s\u2019amusant.<\/p>\n<p><!-- \/wp:paragraph --><\/p>\n<p><!-- wp:paragraph --><\/p>\n<p><!-- \/wp:paragraph --><\/p>","protected":false},"excerpt":{"rendered":"<p>D\u00e9couvrez les ouvrages dans lesquels je partage mon expertise et mes exp\u00e9riences sur la nutrition, le sport et bien d&#8217;autres sujets. \ud83d\udcd5 Pal\u00e9ovore &amp; Sportif : Une alimentation 100% naturelle et 100% sport \ud83d\udccc Cat\u00e9gorie : Nutrition &amp; Sport \ud83c\udfc3\u200d\u2642\ufe0f\ud83e\udd57 \ud83c\udff7 Acheter ici R\u00e9sum\u00e9 :Le r\u00e9gime pal\u00e9o et la pratique sportive sont compatibles, et m\u00eame &hellip; <\/p>\n<div class=\"link-more text-center\"><a href=\"https:\/\/au-naturel.org\/index.php\/mes-livres\/\" class=\"more-link py-2 px-4\">Read More<span class=\"screen-reader-text\"> &#8220;Mes livres&#8221;<\/span><\/a><\/div>\n <a class=\"more-link\" href=\"https:\/\/au-naturel.org\/index.php\/mes-livres\/\">Lire plus<\/a>","protected":false},"author":2,"featured_media":0,"parent":0,"menu_order":0,"comment_status":"closed","ping_status":"closed","template":"","meta":{"footnotes":""},"class_list":["post-806","page","type-page","status-publish","hentry"],"_links":{"self":[{"href":"https:\/\/au-naturel.org\/index.php\/wp-json\/wp\/v2\/pages\/806","targetHints":{"allow":["GET"]}}],"collection":[{"href":"https:\/\/au-naturel.org\/index.php\/wp-json\/wp\/v2\/pages"}],"about":[{"href":"https:\/\/au-naturel.org\/index.php\/wp-json\/wp\/v2\/types\/page"}],"author":[{"embeddable":true,"href":"https:\/\/au-naturel.org\/index.php\/wp-json\/wp\/v2\/users\/2"}],"replies":[{"embeddable":true,"href":"https:\/\/au-naturel.org\/index.php\/wp-json\/wp\/v2\/comments?post=806"}],"version-history":[{"count":53,"href":"https:\/\/au-naturel.org\/index.php\/wp-json\/wp\/v2\/pages\/806\/revisions"}],"predecessor-version":[{"id":1000,"href":"https:\/\/au-naturel.org\/index.php\/wp-json\/wp\/v2\/pages\/806\/revisions\/1000"}],"wp:attachment":[{"href":"https:\/\/au-naturel.org\/index.php\/wp-json\/wp\/v2\/media?parent=806"}],"curies":[{"name":"wp","href":"https:\/\/api.w.org\/{rel}","templated":true}]}}